{"id":30,"date":"2025-10-10T14:44:37","date_gmt":"2025-10-10T11:44:37","guid":{"rendered":"https:\/\/klapy.fi\/?page_id=30"},"modified":"2026-03-17T21:17:05","modified_gmt":"2026-03-17T19:17:05","slug":"ota-yhteytta","status":"publish","type":"page","link":"https:\/\/klapy.fi\/index.php\/ota-yhteytta\/","title":{"rendered":"Ota yhteytt\u00e4"},"content":{"rendered":"\n<p>Hallituksen yhteinen s\u00e4hk\u00f6postiosoite: klapyteam (\u00e4t) klapy.fi.<\/p>\n\n\n\n<p>Hallitus 2026:<br>Tuike J\u00e4rvi, pj<br>Riitta &#8216;seat grab&#8217; Latja, vara-pj<br>Markus Forsstr\u00f6m, sihteeri<br>Kimmo Saine, taloudenhoitaja<br>Juho &#8216;Slope&#8217; Sallinen, j\u00e4sen<br>Jenni M\u00e4kinen, j\u00e4sen<br>Mikael &#8216;M\u00e4ks\u00e4&#8217; M\u00e4kinen, j\u00e4sen<\/p>\n","protected":false},"excerpt":{"rendered":"<p>Hallituksen yhteinen s\u00e4hk\u00f6postiosoite: klapyteam (\u00e4t) klapy.fi. Hallitus 2026:Tuike J\u00e4rvi, pjRiitta &#8216;seat grab&#8217; Latja, vara-pjMarkus Forsstr\u00f6m, sihteeriKimmo Saine, taloudenhoitajaJuho &#8216;Slope&#8217; Sallinen, j\u00e4senJenni M\u00e4kinen, j\u00e4senMikael &#8216;M\u00e4ks\u00e4&#8217; M\u00e4kinen, j\u00e4sen<\/p>\n","protected":false},"author":1,"featured_media":0,"parent":0,"menu_order":0,"comment_status":"closed","ping_status":"closed","template":"","meta":{"footnotes":""},"class_list":["post-30","page","type-page","status-publish","hentry"],"_links":{"self":[{"href":"https:\/\/klapy.fi\/index.php\/wp-json\/wp\/v2\/pages\/30","targetHints":{"allow":["GET"]}}],"collection":[{"href":"https:\/\/klapy.fi\/index.php\/wp-json\/wp\/v2\/pages"}],"about":[{"href":"https:\/\/klapy.fi\/index.php\/wp-json\/wp\/v2\/types\/page"}],"author":[{"embeddable":true,"href":"https:\/\/klapy.fi\/index.php\/wp-json\/wp\/v2\/users\/1"}],"replies":[{"embeddable":true,"href":"https:\/\/klapy.fi\/index.php\/wp-json\/wp\/v2\/comments?post=30"}],"version-history":[{"count":5,"href":"https:\/\/klapy.fi\/index.php\/wp-json\/wp\/v2\/pages\/30\/revisions"}],"predecessor-version":[{"id":85,"href":"https:\/\/klapy.fi\/index.php\/wp-json\/wp\/v2\/pages\/30\/revisions\/85"}],"wp:attachment":[{"href":"https:\/\/klapy.fi\/index.php\/wp-json\/wp\/v2\/media?parent=30"}],"curies":[{"name":"wp","href":"https:\/\/api.w.org\/{rel}","templated":true}]}}