{"id":59,"date":"2026-01-21T12:07:57","date_gmt":"2026-01-21T10:07:57","guid":{"rendered":"https:\/\/klapy.fi\/?page_id=59"},"modified":"2026-01-21T12:11:31","modified_gmt":"2026-01-21T10:11:31","slug":"test","status":"publish","type":"page","link":"https:\/\/klapy.fi\/index.php\/test\/","title":{"rendered":"Seuran toiminta kaudella 2023"},"content":{"rendered":"\n<p><\/p>\n\n\n\n<ol class=\"wp-block-list\">\n<li>Ratojen kunnostusta, pieni\u00e4 rakennust\u00f6it\u00e4 ja loppuvuodesta Tornikeskuksen yll\u00e4pit\u00e4mist\u00e4 toimintakuntoisena ja ajettavana paikkana, lumien avaamista talvikaudella talkoovoimin Tornikeskuksessa.<\/li>\n\n\n\n<li>Yhteist\u00e4 tekemist\u00e4, kokoontumisajoja ja hauskanpitoa on ollut kauden aikana monenlaista: Bikepark-p\u00e4ivi\u00e4 eri parkeissa, hyppysessioita lettujen kera, pumptrack-ajoja, yhteislenkkej\u00e4, ulkomaan retki\u00e4 ja hirmuinen m\u00e4\u00e4r\u00e4 alennus-dealej\u00e4 eri yrityksille. Vuoteen on mahtunut elokuvailtaa py\u00f6r\u00e4ilyn parissa Kino Juhassa, Janin vet\u00e4m\u00e4\u00e4 juniori-kurssia Tornim\u00e4ell\u00e4.&nbsp;<\/li>\n\n\n\n<li>My\u00f6s muuta kuin py\u00f6r\u00e4ily\u00e4 on mahtunut, kuten kiiipeily\u00e4, porrask\u00e4vely\u00e4\/juoksua, laskettelua, lumikenk\u00e4ily\u00e4 ja muuten vain yhdess\u00e4oloa.&nbsp;<\/li>\n\n\n\n<li>Seuran isoimmat tapahtumat olivat kes\u00e4tapahtuma Tornim\u00e4ess\u00e4 joka ker\u00e4si l\u00e4hemm\u00e4ksi 70 osallistujaa. Bikapark py\u00f6ri meille yksityisesti, oli kisoja, ajamista, ruokaa ja juomaa.<\/li>\n\n\n\n<li>Syystapahtuma pidettiin Pirtinm\u00e4ess\u00e4, jossa ajo-opetusta, n\u00e4ytteilleasettajia, koeajo-mahdollisuuksia, EA-kurssi, py\u00f6r\u00e4lenkki ja p\u00e4\u00e4lle l\u00e4mpim\u00e4t l\u00f6ylyt.&nbsp;T\u00e4nnekin saapui noin 50-60 henke\u00e4, vaikka keli olikin hieman vesisateinen.<\/li>\n\n\n\n<li>Yhdistyksen j\u00e4senm\u00e4\u00e4r\u00e4 kasvoi hyv\u00e4\u00e4 tahtia:&nbsp;Seuralla oli 68 j\u00e4sent\u00e4 15.1.2023 p\u00e4iv\u00e4\u00e4n menness\u00e4.&nbsp;Vuoden 2023 p\u00e4\u00e4tteeksi j\u00e4senm\u00e4\u00e4r\u00e4 oli noin 230 j\u00e4sent\u00e4.<\/li>\n\n\n\n<li>Yhdistyksell\u00e4 on instagram -tili <strong>@klapyteam<\/strong>.<strong> <\/strong>Tilille postataan kuvia ja videoita kursseista, kokoontumisista ja talkoista, sek\u00e4 muuten yhdistyksen j\u00e4senten ajovideoita ja -kuvia.<\/li>\n\n\n\n<li>Seuran nettisivut: <a href=\"https:\/\/klapy.fi\/\">https:\/\/klapy.fi\/<\/a><\/li>\n\n\n\n<li>KlaPy:lle perustettiin verkkokauppa, joka on sekin tuottanut jo hieman rahaa yhdistyksen kassaan ja mik\u00e4 t\u00e4rkeint\u00e4 tuonut n\u00e4kyvyytt\u00e4 ja hyv\u00e4\u00e4 filist\u00e4 j\u00e4senist\u00f6lle.<\/li>\n<\/ol>\n","protected":false},"excerpt":{"rendered":"","protected":false},"author":1,"featured_media":0,"parent":0,"menu_order":0,"comment_status":"closed","ping_status":"closed","template":"","meta":{"footnotes":""},"class_list":["post-59","page","type-page","status-publish","hentry"],"_links":{"self":[{"href":"https:\/\/klapy.fi\/index.php\/wp-json\/wp\/v2\/pages\/59","targetHints":{"allow":["GET"]}}],"collection":[{"href":"https:\/\/klapy.fi\/index.php\/wp-json\/wp\/v2\/pages"}],"about":[{"href":"https:\/\/klapy.fi\/index.php\/wp-json\/wp\/v2\/types\/page"}],"author":[{"embeddable":true,"href":"https:\/\/klapy.fi\/index.php\/wp-json\/wp\/v2\/users\/1"}],"replies":[{"embeddable":true,"href":"https:\/\/klapy.fi\/index.php\/wp-json\/wp\/v2\/comments?post=59"}],"version-history":[{"count":2,"href":"https:\/\/klapy.fi\/index.php\/wp-json\/wp\/v2\/pages\/59\/revisions"}],"predecessor-version":[{"id":70,"href":"https:\/\/klapy.fi\/index.php\/wp-json\/wp\/v2\/pages\/59\/revisions\/70"}],"wp:attachment":[{"href":"https:\/\/klapy.fi\/index.php\/wp-json\/wp\/v2\/media?parent=59"}],"curies":[{"name":"wp","href":"https:\/\/api.w.org\/{rel}","templated":true}]}}