{"id":6,"date":"2025-10-10T14:29:44","date_gmt":"2025-10-10T11:29:44","guid":{"rendered":"https:\/\/klapy.fi\/?page_id=6"},"modified":"2026-01-21T12:19:39","modified_gmt":"2026-01-21T10:19:39","slug":"yhdistyksesta","status":"publish","type":"page","link":"https:\/\/klapy.fi\/index.php\/yhdistyksesta\/","title":{"rendered":"Yhdistyksest\u00e4"},"content":{"rendered":"\n<p>Klaukkalan Py\u00f6r\u00e4ily Ry eli tuttavallisemmin KlaPy perustettiin 2021 syksyll\u00e4 py\u00f6r\u00e4ilyn harrastusmahdollisuuksien edist\u00e4miseksi Klaukkalan\/Nurmij\u00e4rven alueella. Yhdistyksen tarkoitus on edist\u00e4\u00e4 kaikenlaista py\u00f6r\u00e4ily\u00e4, painopiste maasto- ja alam\u00e4kipy\u00f6r\u00e4ilyss\u00e4. Yhdistyksess\u00e4 on yli 200 j\u00e4sent\u00e4.<\/p>\n","protected":false},"excerpt":{"rendered":"<p>Klaukkalan Py\u00f6r\u00e4ily Ry eli tuttavallisemmin KlaPy perustettiin 2021 syksyll\u00e4 py\u00f6r\u00e4ilyn harrastusmahdollisuuksien edist\u00e4miseksi Klaukkalan\/Nurmij\u00e4rven alueella. Yhdistyksen tarkoitus on edist\u00e4\u00e4 kaikenlaista py\u00f6r\u00e4ily\u00e4, painopiste maasto- ja alam\u00e4kipy\u00f6r\u00e4ilyss\u00e4. Yhdistyksess\u00e4 on yli 200 j\u00e4sent\u00e4.<\/p>\n","protected":false},"author":1,"featured_media":0,"parent":0,"menu_order":0,"comment_status":"closed","ping_status":"closed","template":"","meta":{"footnotes":""},"class_list":["post-6","page","type-page","status-publish","hentry"],"_links":{"self":[{"href":"https:\/\/klapy.fi\/index.php\/wp-json\/wp\/v2\/pages\/6","targetHints":{"allow":["GET"]}}],"collection":[{"href":"https:\/\/klapy.fi\/index.php\/wp-json\/wp\/v2\/pages"}],"about":[{"href":"https:\/\/klapy.fi\/index.php\/wp-json\/wp\/v2\/types\/page"}],"author":[{"embeddable":true,"href":"https:\/\/klapy.fi\/index.php\/wp-json\/wp\/v2\/users\/1"}],"replies":[{"embeddable":true,"href":"https:\/\/klapy.fi\/index.php\/wp-json\/wp\/v2\/comments?post=6"}],"version-history":[{"count":4,"href":"https:\/\/klapy.fi\/index.php\/wp-json\/wp\/v2\/pages\/6\/revisions"}],"predecessor-version":[{"id":81,"href":"https:\/\/klapy.fi\/index.php\/wp-json\/wp\/v2\/pages\/6\/revisions\/81"}],"wp:attachment":[{"href":"https:\/\/klapy.fi\/index.php\/wp-json\/wp\/v2\/media?parent=6"}],"curies":[{"name":"wp","href":"https:\/\/api.w.org\/{rel}","templated":true}]}}