{"id":61,"date":"2026-01-21T12:07:57","date_gmt":"2026-01-21T10:07:57","guid":{"rendered":"https:\/\/klapy.fi\/?page_id=61"},"modified":"2026-01-21T12:10:11","modified_gmt":"2026-01-21T10:10:11","slug":"saannot","status":"publish","type":"page","link":"https:\/\/klapy.fi\/index.php\/saannot\/","title":{"rendered":"S\u00e4\u00e4nn\u00f6t"},"content":{"rendered":"\n<p><strong>1 \u00a7 Yhdistyksen nimi, kotipaikka, perustamisaika ja kieli<\/strong><\/p>\n\n\n\n<p>Yhdistyksen nimi on Klaukkalan Py\u00f6r\u00e4ily ry. Yhdistyksen nimest\u00e4 voidaan k\u00e4ytt\u00e4\u00e4 ep\u00e4virallista lyhennett\u00e4 KlaPy. Yhdistyksen kotipaikka on Nurmij\u00e4rvi. Yhdistys on perustettu 10.10.2021 ja siit\u00e4 k\u00e4ytet\u00e4\u00e4n n\u00e4iss\u00e4 s\u00e4\u00e4nn\u00f6iss\u00e4 nimityst\u00e4 \u201cseura\u201d tai \u201cyhdistys\u201d. Seura on suomenkielinen.<\/p>\n\n\n\n<p><strong>2 \u00a7 Seuran tarkoitus ja sen toteuttaminen<\/strong><\/p>\n\n\n\n<p>Seuran tarkoituksena on yll\u00e4pit\u00e4\u00e4 ja kehitt\u00e4\u00e4 py\u00f6r\u00e4ilyharrastusta j\u00e4seniens\u00e4 keskuudessa ja toimia py\u00f6r\u00e4ilyn harrastajien yhdyssiteen\u00e4, sek\u00e4 tarjota j\u00e4senilleen mahdollisuus kuntourheiluun ja taitojen kehitt\u00e4miseen. Tarkoitustaan seura toteuttaa harjoittamalla:<\/p>\n\n\n\n<ul class=\"wp-block-list\">\n<li>Koulutustoimintaa<\/li>\n\n\n\n<li>Valmennus- ja harjoitustoimintaa<\/li>\n\n\n\n<li>Kilpailutoimintaa<\/li>\n\n\n\n<li>Junioritoimintaa<\/li>\n\n\n\n<li>Tiedotus- ja suhdetoimintaa edist\u00e4\u00e4kseen py\u00f6r\u00e4ilyn tunnettuutta, turvallisuutta ja oikeiden varusteiden k\u00e4ytt\u00f6\u00e4<\/li>\n\n\n\n<li>Kuntoliikuntaa<\/li>\n\n\n\n<li>Muuta samantapaista toimintaa tavoitteenaan kasvattaa yhteiskunnalle ruumiillisesti ja henkisesti vireit\u00e4 ja hy\u00f6dyllisi\u00e4 kansalaisia<\/li>\n\n\n\n<li>V\u00e4litt\u00e4m\u00e4ll\u00e4 j\u00e4senilleen py\u00f6r\u00e4ilyyn liittyvi\u00e4 urheiluv\u00e4lineit\u00e4 ja \u2013asusteita voittoa tuottamatta<\/li>\n<\/ul>\n\n\n\n<p>Seuran periaatteisiin kuuluu edist\u00e4\u00e4 toiminnallaan tasa-arvoa ja suvaitsevaisuutta.<\/p>\n\n\n\n<p>Toimintansa tukemiseksi seura voi hankkia varoja edell\u00e4mainitun toiminna lis\u00e4ksi j\u00e4rjest\u00e4m\u00e4ll\u00e4 esimierkiksi huvitilaisuuksia, rahanker\u00e4yksi\u00e4, arpajaisia ja ottaa vastaan lahjoituksia, avustuksia ja testamentteja.<\/p>\n\n\n\n<p>Tarvittaessa seura hankkii toiminnalleen asianmukaiset luvat.<\/p>\n\n\n\n<p><strong>3 \u00a7 J\u00e4senet<\/strong><\/p>\n\n\n\n<p>Kaikilla seuran j\u00e4senill\u00e4 on oikeus osallistua seuran j\u00e4rjest\u00e4miin tilaisuuksiin.<\/p>\n\n\n\n<p>Seuran varsinaiseksi j\u00e4seneksi voi liitty\u00e4 kuka tahansa yksityinen henkil\u00f6 tai oikeuskelpoinen yhteis\u00f6, joka tukee seuran toimintaa suorittamalla liittymis- ja j\u00e4senmaksun. Liittymis- ja j\u00e4senmaksun suuruuden p\u00e4\u00e4tt\u00e4\u00e4 seuran vuosikokous.<\/p>\n\n\n\n<p>Seuran kannatusj\u00e4seneksi voi liitty\u00e4 yritys tai yhteis\u00f6, joka maksaa kannatusj\u00e4senmaksun.&nbsp; Kannatusj\u00e4senmaksun suuruuden p\u00e4\u00e4tt\u00e4\u00e4 seuran hallitus.<\/p>\n\n\n\n<p>Kunniaj\u00e4senekseen seura voi kutsua henkil\u00f6n, joka on merkitt\u00e4v\u00e4sti edist\u00e4nyt seuran tarkoituksen toteuttamista tai jolle seura muuten tahtoo osoittaa kunnioitustaan. Kunniaj\u00e4senten hyv\u00e4ksymisest\u00e4 p\u00e4\u00e4tet\u00e4\u00e4n seuran vuosikokouksessa.<\/p>\n\n\n\n<p>Seura pit\u00e4\u00e4 j\u00e4senist\u00e4\u00e4n yhdistyslain mukaista j\u00e4senluetteloa.<\/p>\n\n\n\n<p><strong>4 \u00a7 Liittymis- ja j\u00e4senmaksut<\/strong><\/p>\n\n\n\n<p>Seuran varsinaisilta j\u00e4senilt\u00e4 peritt\u00e4v\u00e4n liittymismaksun ja vuotuisen j\u00e4senmaksun suuruudesta p\u00e4\u00e4tt\u00e4\u00e4 vuosikokous. Kunniaj\u00e4senilt\u00e4 ei perit\u00e4 liittymis- eik\u00e4 j\u00e4senmaksua.<\/p>\n\n\n\n<p><strong>5 \u00a7 J\u00e4senen eroaminen ja erottaminen<\/strong><\/p>\n\n\n\n<p>J\u00e4senell\u00e4 on oikeus erota yhdistyksest\u00e4 ilmoittamalla siit\u00e4 kirjallisesti hallitukselle tai sen puheenjohtajalle taikka ilmoittamalla erosta yhdistyksen kokouksessa merkitt\u00e4v\u00e4ksi p\u00f6yt\u00e4kirjaan.<\/p>\n\n\n\n<p>Hallitus voi erottaa j\u00e4senen seurasta, jos j\u00e4sen on j\u00e4tt\u00e4nyt er\u00e4\u00e4ntyneen j\u00e4senmaksunsa maksamatta tai muuten j\u00e4tt\u00e4nyt t\u00e4ytt\u00e4m\u00e4tt\u00e4 ne velvoitukset, joihin h\u00e4n on seuraan liittym\u00e4ll\u00e4 sitoutunut tai on menettelyll\u00e4\u00e4n seurassa tai sen ulkopuolella huomattavasti vahingoittanut seuraa, esimerkiksi ep\u00e4urheilijamaisella toiminnalla, tai ei en\u00e4\u00e4 t\u00e4yt\u00e4 laissa taikka seuran s\u00e4\u00e4nn\u00f6iss\u00e4 mainittuja j\u00e4senyyden ehtoja.<\/p>\n\n\n\n<p><strong>6 \u00a7 Hallitus<\/strong><\/p>\n\n\n\n<p>Seuran asioita hoitaa hallitus, johon kuuluu vuosikokouksessa valitut puheenjohtaja, sek\u00e4 2-8 muuta j\u00e4sent\u00e4 sek\u00e4 0-4 varaj\u00e4sent\u00e4.&nbsp;<\/p>\n\n\n\n<p>Vaalikelpoisia seuran hallitukseen ovat vain seuran j\u00e4senet.<\/p>\n\n\n\n<p>Hallitus valitsee keskuudestaan varapuheenjohtajan ja kutsuu sihteerin sek\u00e4 muut tarvittavat toimihenkil\u00f6t toimikautensa ajaksi.&nbsp;<\/p>\n\n\n\n<p>Hallituksen j\u00e4senten toimikausi on vuosikokouksesta seuraavaan vuosikokoukseen.<\/p>\n\n\n\n<p>Hallitus kokoontuu puheenjohtajan tai h\u00e4nen estyneen\u00e4 ollessaan varapuheenjohtajan kutsusta, kun he katsovat siihen olevan aihetta tai kun v\u00e4hint\u00e4\u00e4n puolet hallituksen j\u00e4senist\u00e4 sit\u00e4 vaatii. Elleiv\u00e4t puheenjohtaja tai varapuheenjohtaja ole saapuvilla kokouksessa, valitaan siksi kerraksi joku hallituksen varsinaisista j\u00e4senist\u00e4 puhetta johtamaan.<\/p>\n\n\n\n<p>Hallitus kokoontuu tarvittaessa, mutta v\u00e4hint\u00e4\u00e4n kaksi kertaa vuodessa.<\/p>\n\n\n\n<p>Hallituksen kokouksista on pidett\u00e4v\u00e4 p\u00e4\u00e4t\u00f6sp\u00f6yt\u00e4kirjaa.<\/p>\n\n\n\n<p>Hallitus on p\u00e4\u00e4t\u00f6svaltainen, kun v\u00e4hint\u00e4\u00e4n puolet sen j\u00e4senist\u00e4, puheenjohtaja tai varapuheenjohtaja mukaan luettuna, on l\u00e4sn\u00e4. \u00c4\u00e4nestykset ratkaistaan yksinkertaisella \u00e4\u00e4nten enemmist\u00f6ll\u00e4. \u00c4\u00e4nten menness\u00e4 tasan ratkaisee puheenjohtajan \u00e4\u00e4ni, vaaleissa kuitenkin arpa.<\/p>\n\n\n\n<p><strong>7 \u00a7 Hallituksen teht\u00e4v\u00e4t<\/strong><\/p>\n\n\n\n<p>Hallituksen teht\u00e4v\u00e4n\u00e4 on<\/p>\n\n\n\n<ul class=\"wp-block-list\">\n<li>suunnitella ja johtaa yhdistyksen toimintaa<\/li>\n\n\n\n<li>valvoa, ett\u00e4 yhdistyksen taloutta ja omaisuutta hoidetaan huolella<\/li>\n\n\n\n<li>laatia ehdotus toimintasuunnitelmaksi sek\u00e4 tulo- ja menoarvioehdotus, selostus yhdistyksen taloudellisesta tilasta ja vuosikertomus yhdistyksen toiminnasta sek\u00e4 p\u00e4\u00e4tt\u00e4\u00e4 vuosittain yhdistyksen tilit<\/li>\n\n\n\n<li>valmistella yhdistyksen kokouksissa k\u00e4sitelt\u00e4v\u00e4t asiat sek\u00e4 toimeenpanna kokousten p\u00e4\u00e4t\u00f6kset<\/li>\n\n\n\n<li>p\u00e4\u00e4tt\u00e4\u00e4 ty\u00f6ryhmien asettamisesta ja j\u00e4senist\u00e4 sek\u00e4 niiden toimintaohjeista<\/li>\n\n\n\n<li>p\u00e4\u00e4tt\u00e4\u00e4 erilaisista hankkeista ja asiantuntijalausuntojen pyyt\u00e4misest\u00e4<\/li>\n\n\n\n<li>muut yhdistyslain perusteella hallitukselle kuuluvat ja yhdistyksen kokouksen hallitukselle asettamat teht\u00e4v\u00e4t.<\/li>\n<\/ul>\n\n\n\n<p><strong>8 \u00a7 Nimen kirjoittaminen<\/strong><\/p>\n\n\n\n<p>Yhdistyksen nimen kirjoittaa hallituksen puheenjohtaja, varapuheenjohtaja, sihteeri tai rahastonhoitaja, kukin yksin.<\/p>\n\n\n\n<p><strong>9 \u00a7 Tilikausi ja tilintarkastus<\/strong><\/p>\n\n\n\n<p>Seuran tilikausi on kalenterivuosi. Tilinp\u00e4\u00e4t\u00f6s tarvittavine asiakirjoineen ja hallituksen vuosikertomus on annettava tilintarkastajille tai toiminnatarkastajille viimeist\u00e4\u00e4n 3 viikkoa ennen <strong>vuosikokousta<\/strong>. Tilintarkastajien tai toiminnatarkastajien tulee antaa kirjallinen lausuntonsa viimeist\u00e4\u00e4n 2 viikkoa ennen <strong>vuosikokousta<\/strong>.<\/p>\n\n\n\n<p><strong>10 \u00a7 Kokoukset<\/strong><\/p>\n\n\n\n<p>Seura pit\u00e4\u00e4 vuosittain yhden varsinaisen kokouksen, joka on vuosikokous.<\/p>\n\n\n\n<p>Seuran ylim\u00e4\u00e4r\u00e4inen kokous pidet\u00e4\u00e4n silloin, kun hallitus katsoo sen tarpeelliseksi tai kun v\u00e4hint\u00e4\u00e4n yksi kymmenesosa seuran \u00e4\u00e4nioikeutetuista j\u00e4senist\u00e4 on tehnyt siit\u00e4 hallitukselle kirjallisen esityksen. Ylim\u00e4\u00e4r\u00e4isen kokouksen kutsussa on mainittava asia, jonka vuoksi kokous on koolle kutsuttu.<\/p>\n\n\n\n<p>Seuran kokouksissa jokaisella varsinaisella j\u00e4senell\u00e4 ja kunniaj\u00e4senell\u00e4 on yksi \u00e4\u00e4ni. P\u00e4\u00e4t\u00f6kset tehd\u00e4\u00e4n, ellei n\u00e4iss\u00e4 s\u00e4\u00e4nn\u00f6iss\u00e4 toisin mainita, yksinkertaisella \u00e4\u00e4nten enemmist\u00f6ll\u00e4. \u00c4\u00e4nten menness\u00e4 tasan ratkaisee kokouksen puheenjohtajan \u00e4\u00e4ni, vaaleissa arpa.<\/p>\n\n\n\n<p><strong>11 \u00a7 Kokousten koolle kutsuminen<\/strong><\/p>\n\n\n\n<p>Seuran kokouksen kutsuu koolle hallitus. Kokouskutsu on toimitettava s\u00e4hk\u00f6postitse s\u00e4hk\u00f6postiosoitteensa antaneille j\u00e4senille sek\u00e4 lis\u00e4ksi seuran ilmoitustaululle tai internetsivuille seitsem\u00e4n (7) vuorokautta ennen kokousta.<\/p>\n\n\n\n<p><strong>12 \u00a7 Kokouksen p\u00e4\u00e4t\u00f6svaltaisuus<\/strong><\/p>\n\n\n\n<p>Seuran kokous on p\u00e4\u00e4t\u00f6svaltainen, kun se on s\u00e4\u00e4nt\u00f6jen mukaan koolle kutsuttu.<\/p>\n\n\n\n<p><strong>13 \u00a7 Vuosikokous<\/strong><\/p>\n\n\n\n<p>Seuran vuosikokous on pidett\u00e4v\u00e4 tammi-helmikuussa. Kokouksen paikan ja tarkemman ajan m\u00e4\u00e4r\u00e4\u00e4 hallitus.<\/p>\n\n\n\n<p>Seuran vuosikokouksessa k\u00e4sitell\u00e4\u00e4n seuraavat asiat:<\/p>\n\n\n\n<ol class=\"wp-block-list\">\n<li>kokouksen avaus<\/li>\n\n\n\n<li>valitaan kokouksen puheenjohtaja, sihteeri, kaksi p\u00f6yt\u00e4kirjantarkastajaa (ja kaksi \u00e4\u00e4ntenlaskijaa)<\/li>\n\n\n\n<li>todetaan kokouksen laillisuus ja p\u00e4\u00e4t\u00f6svaltaisuus<\/li>\n\n\n\n<li>hyv\u00e4ksyt\u00e4\u00e4n kokouksen ty\u00f6j\u00e4rjestys<\/li>\n\n\n\n<li>esitet\u00e4\u00e4n tilinp\u00e4\u00e4t\u00f6s, vuosikertomus ja tilintarkastajien \/ toiminnantarkastajien lausunto<\/li>\n\n\n\n<li>p\u00e4\u00e4tet\u00e4\u00e4n tilinp\u00e4\u00e4t\u00f6ksen vahvistamisesta ja vastuuvapauden my\u00f6nt\u00e4misest\u00e4 hallitukselle ja muille tilivelvollisille<\/li>\n\n\n\n<li>valitaan hallituksen puheenjohtaja, hallituksen j\u00e4senet ja mahdolliset varaj\u00e4senet<\/li>\n\n\n\n<li>valitaan yksi tilintarkastaja tai toiminnantarkastaja ja h\u00e4nelle varahenkil\u00f6<\/li>\n\n\n\n<li>vahvistetaan toimintasuunnitelma, tulo- ja menoarvio<\/li>\n\n\n\n<li>p\u00e4\u00e4tet\u00e4\u00e4n seuran liittymis- ja j\u00e4senmaksun suuruudesta<\/li>\n\n\n\n<li>k\u00e4sitell\u00e4\u00e4n muut kokouskutsussa mainitut asiat.<\/li>\n<\/ol>\n\n\n\n<p><strong>14 \u00a7 S\u00e4\u00e4nt\u00f6jen muuttaminen ja seuran purkaminen<\/strong><\/p>\n\n\n\n<p>P\u00e4\u00e4t\u00f6s s\u00e4\u00e4nt\u00f6jen muuttamisesta tai seuran purkamisesta on teht\u00e4v\u00e4 seuran kokouksessa v\u00e4hint\u00e4\u00e4n kolmen nelj\u00e4sosan (3\/4) enemmist\u00f6ll\u00e4 annetuista \u00e4\u00e4nist\u00e4. Kokouskutsussa on mainittava s\u00e4\u00e4nt\u00f6jen muuttamisesta tai seuran purkamisesta.<\/p>\n\n\n\n<p>Jos seura purkautuu, sen omaisuus luovutetaan seuran tarkoituksen edist\u00e4miseen purkamisesta p\u00e4\u00e4tt\u00e4v\u00e4n kokouksen m\u00e4\u00e4r\u00e4\u00e4m\u00e4ll\u00e4 tavalla.&nbsp;<\/p>\n\n\n\n<p><strong>15 \u00a7 Muuta<\/strong><\/p>\n\n\n\n<p>Edell\u00e4 olevan lis\u00e4ksi seuran toiminnassa noudatetaan voimassa olevan yhdistyslain s\u00e4\u00e4nn\u00f6ksi\u00e4.<\/p>\n\n\n\n<p><strong>16 \u00a7 S\u00e4\u00e4nt\u00f6jen hyv\u00e4ksyminen<\/strong><\/p>\n\n\n\n<p>N\u00e4m\u00e4 s\u00e4\u00e4nn\u00f6t on<\/p>\n\n\n\n<p>hyv\u00e4ksytty seuran perustavassa kokouksessa 10.10.2021.<\/p>\n\n\n\n<p>Patentti- ja rekisterihallitus vahvistanut __.__.2021.<\/p>\n\n\n\n<p>Klaukkalassa 10.10.2021<\/p>\n","protected":false},"excerpt":{"rendered":"<p>1 \u00a7 Yhdistyksen nimi, kotipaikka, perustamisaika ja kieli Yhdistyksen nimi on Klaukkalan Py\u00f6r\u00e4ily ry. Yhdistyksen nimest\u00e4 voidaan k\u00e4ytt\u00e4\u00e4 ep\u00e4virallista lyhennett\u00e4 KlaPy. Yhdistyksen kotipaikka on Nurmij\u00e4rvi. Yhdistys on perustettu 10.10.2021 ja siit\u00e4 k\u00e4ytet\u00e4\u00e4n n\u00e4iss\u00e4 s\u00e4\u00e4nn\u00f6iss\u00e4 nimityst\u00e4 \u201cseura\u201d tai \u201cyhdistys\u201d. Seura on &hellip; <a href=\"https:\/\/klapy.fi\/index.php\/saannot\/\">Continue reading <span class=\"meta-nav\">&rarr;<\/span><\/a><\/p>\n","protected":false},"author":1,"featured_media":0,"parent":0,"menu_order":0,"comment_status":"closed","ping_status":"closed","template":"","meta":{"footnotes":""},"class_list":["post-61","page","type-page","status-publish","hentry"],"_links":{"self":[{"href":"https:\/\/klapy.fi\/index.php\/wp-json\/wp\/v2\/pages\/61","targetHints":{"allow":["GET"]}}],"collection":[{"href":"https:\/\/klapy.fi\/index.php\/wp-json\/wp\/v2\/pages"}],"about":[{"href":"https:\/\/klapy.fi\/index.php\/wp-json\/wp\/v2\/types\/page"}],"author":[{"embeddable":true,"href":"https:\/\/klapy.fi\/index.php\/wp-json\/wp\/v2\/users\/1"}],"replies":[{"embeddable":true,"href":"https:\/\/klapy.fi\/index.php\/wp-json\/wp\/v2\/comments?post=61"}],"version-history":[{"count":3,"href":"https:\/\/klapy.fi\/index.php\/wp-json\/wp\/v2\/pages\/61\/revisions"}],"predecessor-version":[{"id":69,"href":"https:\/\/klapy.fi\/index.php\/wp-json\/wp\/v2\/pages\/61\/revisions\/69"}],"wp:attachment":[{"href":"https:\/\/klapy.fi\/index.php\/wp-json\/wp\/v2\/media?parent=61"}],"curies":[{"name":"wp","href":"https:\/\/api.w.org\/{rel}","templated":true}]}}