{"id":71,"date":"2026-01-21T12:12:50","date_gmt":"2026-01-21T10:12:50","guid":{"rendered":"https:\/\/klapy.fi\/?page_id=71"},"modified":"2026-01-21T12:13:17","modified_gmt":"2026-01-21T10:13:17","slug":"seuran-toiminta-kaudella-2024","status":"publish","type":"page","link":"https:\/\/klapy.fi\/index.php\/seuran-toiminta-kaudella-2024\/","title":{"rendered":"Seuran toiminta kaudella 2024"},"content":{"rendered":"\n<p><\/p>\n\n\n\n<ol class=\"wp-block-list\">\n<li>Vuosikokous helmikuussa 2024\n<ul class=\"wp-block-list\">\n<li>Uuden hallituksen valitseminen ja hallituksen j\u00e4rjest\u00e4ytyminen<\/li>\n<\/ul>\n<\/li>\n\n\n\n<li>Klapyn privaattivuorot Terminaali 360 -hallilla suosittuja\n<ul class=\"wp-block-list\">\n<li>Terminaali 360 -vuorot ovat olleet eritt\u00e4in suosittuja, ja parhaimmillaan paikalla on ollut jopa nelj\u00e4kymment\u00e4 osallistujaa. Harmillisesti Terminaali 360:n toiminta p\u00e4\u00e4ttyy kes\u00e4ll\u00e4 2025. Uutta korvaavaa paikkaa etsit\u00e4\u00e4n talvikaudelle 2025\u20132026.<\/li>\n<\/ul>\n<\/li>\n\n\n\n<li>Yhdistyksen toiminnan suunnittelup\u00e4iv\u00e4 6.4.\n<ul class=\"wp-block-list\">\n<li>Toiminnansuunnittelup\u00e4iv\u00e4 j\u00e4rjestettiin Nurmij\u00e4rven p\u00e4\u00e4kirjastolla lauantaina 6.4. klo 12-16. Paikalle osallistui kymmenkunta henkil\u00f6\u00e4. Tavoitteena oli jalostaa vuosikokouksessa sek\u00e4 vuoden aikana esiin nousseita kysymyksi\u00e4 ja aiheita.<\/li>\n\n\n\n<li>Eniten edistyst\u00e4 saivat s\u00e4\u00e4nn\u00f6llinen lenkkitoiminta, tulevat tapahtumat sek\u00e4 Tornarin tilanne. Viikkolenkkitoimintaa p\u00e4\u00e4tettiin k\u00e4ynnist\u00e4\u00e4, tapahtumiin otettiin vastuuvakuutus, ja Tornarin tulevaisuudesta keskusteltiin uusien omistajien kanssa. Kokouksen j\u00e4lkeen k\u00e4ytiin yhdess\u00e4 pizzalla Ismetiss\u00e4<\/li>\n<\/ul>\n<\/li>\n\n\n\n<li>Yhdistys ottaa vastuuvakuutuksen L\u00e4hitapiolalta 15.4.2024\n<ul class=\"wp-block-list\">\n<li>Toiminnansuunnittelup\u00e4iv\u00e4n\u00e4 tehty aloite vastuuvakuutuksen hankkimisesta vietiin toteutukseen. Hallitus p\u00e4\u00e4tti vastuuvakuutuksen ostamisesta. Vastuuvakuutus kilpailutettiin kotimaisilla yhti\u00f6ill\u00e4. L\u00e4hitapiolalta saatiin j\u00e4rkevin tarjous ja p\u00e4\u00e4dyttiin ottamaan vakuutus sielt\u00e4.<\/li>\n<\/ul>\n<\/li>\n\n\n\n<li>Viikkolenkkitoiminta k\u00e4ynnistyi vappuna 2024\n<ul class=\"wp-block-list\">\n<li>Viikkolenkit k\u00e4ynnistettiin vappuna, ja ensimm\u00e4iselle lenkille osallistui yli 30 seuralaista. Viikkolenkit j\u00e4rjestettiin s\u00e4\u00e4nn\u00f6llisesti tiistaisin klo 18:00. Kes\u00e4n aikana j\u00e4rjestettiin yhteens\u00e4 19 lenkki\u00e4, joissa oli 16 eri vet\u00e4j\u00e4\u00e4. Lenkit kattoivat eri tasoisia maastoja, jotta sek\u00e4 aloittelijat ett\u00e4 kokeneemmat ajajat l\u00f6ysiv\u00e4t sopivia reittej\u00e4. Viikkolenkkitoiminnasta saatiin paljon positiivista palautetta, ja toimintaa on tarkoitus jatkaa my\u00f6s kaudella 2025.<\/li>\n<\/ul>\n<\/li>\n\n\n\n<li>MTBRally Yhteisty\u00f6\n<ul class=\"wp-block-list\">\n<li>Klapyssa on useita aktiivisia kisakuskeja pienempiin kisacuppeihin, kuten MTBrally. Kaudella 2024 MTBRally tarjosi etukoodeja seurayhteisty\u00f6kumppaneille. Saimme 30 koodia, joista riitti hyvin halukkaille.<\/li>\n<\/ul>\n<\/li>\n\n\n\n<li>Klapyn Kes\u00e4p\u00e4iv\u00e4 8.6.2024\n<ul class=\"wp-block-list\">\n<li>Kes\u00e4p\u00e4iv\u00e4 j\u00e4rjestettiin lauantaina 8.6. Tornarissa. Ensimm\u00e4iset kaksi tuntia parkki oli auki kaikille, jonka j\u00e4lkeen tapahtuma oli varattu klapylaisille. Ohjelmassa oli mm. alam\u00e4kikisat, bingo, k\u00e4rrysauna ja DiamondBikesin esittelypiste. Kilpailuiden j\u00e4rjest\u00e4misest\u00e4 vastasivat Jori, Lauri, Venla ja Jaakko, ja EA-vastuussa oli Milo. Paikalla noin 80 henke\u00e4. P\u00e4iv\u00e4st\u00e4 j\u00e4i eritt\u00e4in onnistunut fiilis, ja tapahtuma sai paljon kiitosta.<\/li>\n<\/ul>\n<\/li>\n\n\n\n<li>Juhannus J\u00e4rvs\u00f6ss\u00e4 21-23.6.2024\n<ul class=\"wp-block-list\">\n<li>Useat klapyl\u00e4iset suuntasivat j\u00e4lleen juhannuksen viettoon Ruotsin J\u00e4rvs\u00f6\u00f6n. Paikka on rauhallinen ja edullinen verrattuna Suomen bikeparkkeihin. Lis\u00e4ksi j\u00e4senetu -10% ravintola- ja hissilippupalveluista lis\u00e4si kiinnostusta matkaa kohtaan.<\/li>\n<\/ul>\n<\/li>\n\n\n\n<li>Klapyn retki Fiskars Trail centeriss\u00e4 27.7.2024\n<ul class=\"wp-block-list\">\n<li>Klapylaiset suuntasivat Fiskarsin upeille poluille lauantaina 27.7. Ohjelmassa merkattujen trailien ajoa muutamassa eri ajovauhdin mukaan jaetussa ryhm\u00e4ss\u00e4. Ajeluiden j\u00e4lkeen yhdess\u00e4 ravintola Kuparipajalle sy\u00f6m\u00e4\u00e4n. Tapahtumaan osallistui noin 20 henkil\u00f6\u00e4.<\/li>\n<\/ul>\n<\/li>\n\n\n\n<li>Iskareiden s\u00e4\u00e4t\u00f6kurssi Tornarissa 31.8.2024\n<ul class=\"wp-block-list\">\n<li>Arto Piirainen Cycles Service Nordicilta ja Sram universityst\u00e4 piti pienelle ryhm\u00e4lle klapylaisia iskareiden s\u00e4\u00e4t\u00e4miskurssin Tornarissa. Kurssiin kuului sek\u00e4 teoria ett\u00e4 tekniikka osio. Kurssi kesti muutaman tunnin ja kaikille tuntui tulevan jotain uutta tietoa kurssilta.<\/li>\n<\/ul>\n<\/li>\n\n\n\n<li>Klapy x Trailcraft &#8211; hyppykurssi 7.9.2024\n<ul class=\"wp-block-list\">\n<li>Trailcraft piti hyppykurssin LKP:ll\u00e4 klapylaisille. Kolme kymmenen hengen ryhm\u00e4\u00e4 ja teemana hyppytekniikka sek\u00e4 sen harjoittelu. Kurssin vet\u00e4j\u00e4n\u00e4 Sam Stanfield, joka antoi hyv\u00e4\u00e4 palautetta hyppimisest\u00e4 mm. videoiden muodossa. Kurssin hinta oli 15\u20ac\/hl\u00f6 ja jokainen osallistuja maksoi omat kulunsa.<\/li>\n<\/ul>\n<\/li>\n\n\n\n<li>J\u00e4senrekrytointikampanja 24.9.2024 alkaen\n<ul class=\"wp-block-list\">\n<li>P\u00e4\u00e4tettiin jatkaa edellisvuosina toimivaksi havaittua &#8220;loppukausi + ensi kausi&#8221; -kampanjaa. Kampanjaa ei julkisesti mainostettu, mutta kiinnostuneille siit\u00e4 kerrottiin. Tarkoituksena oli keskitty\u00e4 nykyisiin j\u00e4seniin eik\u00e4 kasvattaa yhdistyst\u00e4 aktiivisesti.<\/li>\n<\/ul>\n<\/li>\n\n\n\n<li>Klapyn Syysp\u00e4iv\u00e4 28.9.2024\n<ul class=\"wp-block-list\">\n<li>Syysp\u00e4iv\u00e4n p\u00e4\u00e4ohjelmana oli S\u00e4\u00e4ksj\u00e4rven lenkki, jossa oli kolme ryhm\u00e4\u00e4: rauhallinen vauhti, kovempi vauhti ja gravel. Nurlalta saatiin veloituksetta tilaussauna k\u00e4ytt\u00f6\u00f6n. Osallstujia oli yli 40 paikalla. Lenkkien j\u00e4lkeen saunottiin ja sy\u00f6tiin pizzaa, ja tapahtuma sujui erinomaisessa hengess\u00e4.<\/li>\n<\/ul>\n<\/li>\n\n\n\n<li>Red Bull Rampage -n\u00e4yt\u00f6s Kinojuhassa 12.10.2024\n<ul class=\"wp-block-list\">\n<li>Viime vuonna j\u00e4rjestetty Red Bull Rampage -n\u00e4yt\u00f6s Kinojuhassa sai jatkoa. T\u00e4n\u00e4 vuonna seura maksoi tilavuokran (500 \u20ac), ja tapahtuma sai j\u00e4lleen hyv\u00e4n vastaanoton.<\/li>\n<\/ul>\n<\/li>\n\n\n\n<li>Klapyn pikkujoulut \ud83c\udf84 7.12.2024\n<ul class=\"wp-block-list\">\n<li>Pikkujoulut j\u00e4rjestettiin Terminaali 360:ssa musiikin, tarjoilujen, tietovisan ja jatkojen merkeiss\u00e4. Osallistujia saapui hyvin paikalle, ja tunnelma oli mainio.<\/li>\n<\/ul>\n<\/li>\n\n\n\n<li>Klapy ja Zwift\n<ul class=\"wp-block-list\">\n<li>Klapyn Zwift-toiminta alkoi syksyll\u00e4 2023 ja ker\u00e4si suosiota vuoden 2024 aikana. Suosituimmillaan se oli loppusyksyst\u00e4 ja talvella. Ajoja j\u00e4rjestettiin kahdesti viikossa: toinen yhteislenkkin\u00e4 ja toinen kilpailuna. Canyon ja Oikia tukijoina Klapyn j\u00e4rjest\u00e4m\u00e4ss\u00e4 Canyon Cup -kilpailussa.<\/li>\n<\/ul>\n<\/li>\n\n\n\n<li>Klapyn J\u00e4senedut 2024\n<ul class=\"wp-block-list\">\n<li>Uusia j\u00e4senetuja hankittiin ja vanhoja jatkettiin. N\u00e4m\u00e4 on n\u00e4hty sek\u00e4 yhteisty\u00f6kumppaneille kannattavaksi ett\u00e4 j\u00e4seni\u00e4 kiinnostaviksi. Listaa yhteisty\u00f6kumppaneista yll\u00e4pidet\u00e4\u00e4n seuran instagram-tilill\u00e4.<\/li>\n<\/ul>\n<\/li>\n\n\n\n<li>Klapyn kilometrikisa 2024\n<ul class=\"wp-block-list\">\n<li>Klapy osallistui Kilometrikisaan ja hieman ennen kisan loppumista sijoitus oli 40. sek\u00e4 joukkueen keskiarvo 1588,6 km\/hl\u00f6 ja kilometrej\u00e4 yhteens\u00e4 23829,50 km.<\/li>\n<\/ul>\n<\/li>\n<\/ol>\n","protected":false},"excerpt":{"rendered":"","protected":false},"author":1,"featured_media":0,"parent":0,"menu_order":0,"comment_status":"closed","ping_status":"closed","template":"","meta":{"footnotes":""},"class_list":["post-71","page","type-page","status-publish","hentry"],"_links":{"self":[{"href":"https:\/\/klapy.fi\/index.php\/wp-json\/wp\/v2\/pages\/71","targetHints":{"allow":["GET"]}}],"collection":[{"href":"https:\/\/klapy.fi\/index.php\/wp-json\/wp\/v2\/pages"}],"about":[{"href":"https:\/\/klapy.fi\/index.php\/wp-json\/wp\/v2\/types\/page"}],"author":[{"embeddable":true,"href":"https:\/\/klapy.fi\/index.php\/wp-json\/wp\/v2\/users\/1"}],"replies":[{"embeddable":true,"href":"https:\/\/klapy.fi\/index.php\/wp-json\/wp\/v2\/comments?post=71"}],"version-history":[{"count":2,"href":"https:\/\/klapy.fi\/index.php\/wp-json\/wp\/v2\/pages\/71\/revisions"}],"predecessor-version":[{"id":76,"href":"https:\/\/klapy.fi\/index.php\/wp-json\/wp\/v2\/pages\/71\/revisions\/76"}],"wp:attachment":[{"href":"https:\/\/klapy.fi\/index.php\/wp-json\/wp\/v2\/media?parent=71"}],"curies":[{"name":"wp","href":"https:\/\/api.w.org\/{rel}","templated":true}]}}